{"id":700,"date":"2025-12-06T20:37:07","date_gmt":"2025-12-06T20:37:07","guid":{"rendered":"https:\/\/suenosdelbosquebarichara.org\/?page_id=700"},"modified":"2025-12-06T22:04:38","modified_gmt":"2025-12-06T22:04:38","slug":"contact","status":"publish","type":"page","link":"https:\/\/suenosdelbosquebarichara.org\/es\/contact\/","title":{"rendered":"Cont\u00e1ctanos"},"content":{"rendered":"<style>.kb-row-layout-id700_b14c57-5b > .kt-row-column-wrap{align-content:center;}:where(.kb-row-layout-id700_b14c57-5b > .kt-row-column-wrap) > .wp-block-kadence-column{justify-content:center;}.kb-row-layout-id700_b14c57-5b > .kt-row-column-wrap{column-gap:var(--global-kb-gap-lg, 4rem);row-gap:var(--global-kb-gap-md, 2rem);max-width:1290px;padding-top:var(--global-kb-spacing-3xl, 6.5rem);padding-bottom:var(--global-kb-spacing-3xl, 6.5rem);min-height:80vh;grid-template-columns:repeat(2, minmax(0, 1fr));}.kb-row-layout-id700_b14c57-5b > .kt-row-layout-overlay{opacity:0.30;}.kb-row-layout-id700_b14c57-5b ,.kb-row-layout-id700_b14c57-5b h1,.kb-row-layout-id700_b14c57-5b h2,.kb-row-layout-id700_b14c57-5b h3,.kb-row-layout-id700_b14c57-5b h4,.kb-row-layout-id700_b14c57-5b h5,.kb-row-layout-id700_b14c57-5b h6{color:var(--global-palette3, #1A202C);}.kb-row-layout-id700_b14c57-5b a{color:var(--global-palette4, #2D3748);}.kb-row-layout-id700_b14c57-5b a:hover{color:var(--global-palette5, #4A5568);}@media all and (max-width: 1024px){.kb-row-layout-id700_b14c57-5b > .kt-row-column-wrap{grid-template-columns:repeat(2, minmax(0, 1fr));}}@media all and (max-width: 767px){.kb-row-layout-id700_b14c57-5b > .kt-row-column-wrap{grid-template-columns:minmax(0, 1fr);}}<\/style><div class=\"kb-row-layout-wrap kb-row-layout-id700_b14c57-5b alignfull has-palette-color-1-background-color kt-row-has-bg wp-block-kadence-rowlayout\" id=\"contact\"><div class=\"kt-row-column-wrap kt-has-2-columns kt-row-layout-equal kt-tab-layout-inherit kt-mobile-layout-row kt-row-valign-middle kb-theme-content-width\">\n<style>.kadence-column700_83da57-d6 > .kt-inside-inner-col{padding-right:var(--global-kb-spacing-lg, 3rem);}.kadence-column700_83da57-d6 > .kt-inside-inner-col,.kadence-column700_83da57-d6 > .kt-inside-inner-col:before{border-top-left-radius:0px;border-top-right-radius:0px;border-bottom-right-radius:0px;border-bottom-left-radius:0px;}.kadence-column700_83da57-d6 > .kt-inside-inner-col{column-gap:var(--global-kb-gap-sm, 1rem);}.kadence-column700_83da57-d6 > .kt-inside-inner-col{flex-direction:column;}.kadence-column700_83da57-d6 > .kt-inside-inner-col > .aligncenter{width:100%;}.kadence-column700_83da57-d6 > .kt-inside-inner-col:before{opacity:0.3;}.kadence-column700_83da57-d6, .kadence-column700_83da57-d6 h1, .kadence-column700_83da57-d6 h2, .kadence-column700_83da57-d6 h3, .kadence-column700_83da57-d6 h4, .kadence-column700_83da57-d6 h5, .kadence-column700_83da57-d6 h6{color:var(--global-palette3, #1A202C);}.kadence-column700_83da57-d6{position:relative;}@media all and (max-width: 1024px){.kadence-column700_83da57-d6 > .kt-inside-inner-col{flex-direction:column;justify-content:center;}}@media all and (max-width: 767px){.kadence-column700_83da57-d6 > .kt-inside-inner-col{flex-direction:column;justify-content:center;}}<\/style>\n<div class=\"wp-block-kadence-column kadence-column700_83da57-d6\"><div class=\"kt-inside-inner-col\"><style>.wp-block-kadence-advancedheading.kt-adv-heading700_786c54-e2, .wp-block-kadence-advancedheading.kt-adv-heading700_786c54-e2[data-kb-block=\"kb-adv-heading700_786c54-e2\"]{font-style:normal;text-transform:uppercase;}.wp-block-kadence-advancedheading.kt-adv-heading700_786c54-e2[data-kb-block=\"kb-adv-heading700_786c54-e2\"]{display:flex;gap:0.25em;align-items:center;}.wp-block-kadence-advancedheading.kt-adv-heading700_786c54-e2[data-kb-block=\"kb-adv-heading700_786c54-e2\"] .kb-adv-heading-icon svg{width:1em;height:1em;}.wp-block-kadence-advancedheading.kt-adv-heading700_786c54-e2 mark.kt-highlight, .wp-block-kadence-advancedheading.kt-adv-heading700_786c54-e2[data-kb-block=\"kb-adv-heading700_786c54-e2\"] mark.kt-highlight{font-style:normal;color:#f76a0c;-webkit-box-decoration-break:clone;box-decoration-break:clone;padding-top:0px;padding-right:0px;padding-bottom:0px;padding-left:0px;}.wp-block-kadence-advancedheading.kt-adv-heading700_786c54-e2 img.kb-inline-image, .wp-block-kadence-advancedheading.kt-adv-heading700_786c54-e2[data-kb-block=\"kb-adv-heading700_786c54-e2\"] img.kb-inline-image{width:150px;vertical-align:baseline;}<\/style><div class=\"kt-adv-heading700_786c54-e2 wp-block-kadence-advancedheading kt-adv-heading-has-icon has-palette-color-2-color has-text-color\" data-kb-block=\"kb-adv-heading700_786c54-e2\"><span class=\"kb-svg-icon-wrap kb-adv-heading-icon kb-svg-icon-fe_arrowDownRight kb-adv-heading-icon-side-left\"><svg viewBox=\"0 0 24 24\"  fill=\"none\" stroke=\"currentColor\" stroke-width=\"2\" stroke-linecap=\"round\" stroke-linejoin=\"round\" xmlns=\"http:\/\/www.w3.org\/2000\/svg\"  aria-hidden=\"true\"><line x1=\"7\" y1=\"7\" x2=\"17\" y2=\"17\"\/><polyline points=\"17 7 17 17 7 17\"\/><\/svg><\/span><span class=\"kb-adv-text-inner\">Contact Us<\/span><\/div>\n\n<style>.wp-block-kadence-advancedheading.kt-adv-heading700_d76a9e-97, .wp-block-kadence-advancedheading.kt-adv-heading700_d76a9e-97[data-kb-block=\"kb-adv-heading700_d76a9e-97\"]{margin-top:var(--global-kb-spacing-md, 2rem);font-size:var(--global-kb-font-size-lg, 2rem);line-height:1.2;font-weight:400;font-style:normal;}.wp-block-kadence-advancedheading.kt-adv-heading700_d76a9e-97 mark.kt-highlight, .wp-block-kadence-advancedheading.kt-adv-heading700_d76a9e-97[data-kb-block=\"kb-adv-heading700_d76a9e-97\"] mark.kt-highlight{font-style:normal;color:#f76a0c;-webkit-box-decoration-break:clone;box-decoration-break:clone;padding-top:0px;padding-right:0px;padding-bottom:0px;padding-left:0px;}.wp-block-kadence-advancedheading.kt-adv-heading700_d76a9e-97 img.kb-inline-image, .wp-block-kadence-advancedheading.kt-adv-heading700_d76a9e-97[data-kb-block=\"kb-adv-heading700_d76a9e-97\"] img.kb-inline-image{width:150px;vertical-align:baseline;}.wp-block-kadence-advancedheading.kt-adv-heading700_d76a9e-97[data-kb-block=\"kb-adv-heading700_d76a9e-97\"] a, .kt-adv-heading-link700_d76a9e-97, .kt-adv-heading-link700_d76a9e-97 .kt-adv-heading700_d76a9e-97[data-kb-block=\"kb-adv-heading700_d76a9e-97\"]{color:var(--theme-palette-color-2, #d7f082);}.wp-block-kadence-advancedheading.kt-adv-heading700_d76a9e-97[data-kb-block=\"kb-adv-heading700_d76a9e-97\"] a, a.kb-advanced-heading-link.kt-adv-heading-link700_d76a9e-97{text-decoration:underline;}.wp-block-kadence-advancedheading.kt-adv-heading700_d76a9e-97[data-kb-block=\"kb-adv-heading700_d76a9e-97\"] a:hover, a.kb-advanced-heading-link.kt-adv-heading-link700_d76a9e-97:hover{text-decoration:underline;}<\/style>\n<h2 class=\"kt-adv-heading700_d76a9e-97 wp-block-kadence-advancedheading has-palette-color-8-color has-text-color hls-underline\" data-kb-block=\"kb-adv-heading700_d76a9e-97\">Reach us by filling out this brief form if you are interested in learning more. You can also follow us on Instagram and engage in adult learning opportunities with our partner&nbsp;<a href=\"https:\/\/sunabarichara.com\/\" target=\"_blank\" rel=\"noreferrer noopener\"><strong>Suna Barichara<\/strong><\/a>.<\/h2>\n\n\n<div class=\"ct-block-wrapper\">\n<div class=\"ct-socials-block\" style=\"--theme-icon-color:var(--wp--preset--color--palette-color-7);--theme-icon-hover-color:var(--wp--preset--color--palette-color-2);--theme-icon-size:50px;\">\n\t\t<div class=\"ct-social-box\" data-color=\"default\" data-icons-type=\"simple\" style=\"\" >\n\t\t\t\n\t\t\t\n\t\t\t\t\t\t\t\n\t\t\t\t<a href=\"https:\/\/www.instagram.com\/suenos_del_bosque_barichara\/\" data-network=\"instagram\" aria-label=\"Instagram\" target=\"_blank\" rel=\"noopener noreferrer\">\n\t\t\t\t\t<span class=\"ct-icon-container\">\n\t\t\t\t\t<svg\n\t\t\t\t\twidth=\"20\"\n\t\t\t\t\theight=\"20\"\n\t\t\t\t\tviewBox=\"0 0 20 20\"\n\t\t\t\t\taria-hidden=\"true\">\n\t\t\t\t\t\t<circle cx=\"10\" cy=\"10\" r=\"3.3\"\/>\n\t\t\t\t\t\t<path d=\"M14.2,0H5.8C2.6,0,0,2.6,0,5.8v8.3C0,17.4,2.6,20,5.8,20h8.3c3.2,0,5.8-2.6,5.8-5.8V5.8C20,2.6,17.4,0,14.2,0zM10,15c-2.8,0-5-2.2-5-5s2.2-5,5-5s5,2.2,5,5S12.8,15,10,15z M15.8,5C15.4,5,15,4.6,15,4.2s0.4-0.8,0.8-0.8s0.8,0.4,0.8,0.8S16.3,5,15.8,5z\"\/>\n\t\t\t\t\t<\/svg>\n\t\t\t\t<\/span>\t\t\t\t<\/a>\n\t\t\t\n\t\t\t\n\t\t\t\t\t<\/div>\n\n\t<\/div>\n<\/div><\/div><\/div>\n\n\n<style>.kadence-column700_c05cfd-f6 > .kt-inside-inner-col,.kadence-column700_c05cfd-f6 > .kt-inside-inner-col:before{border-top-left-radius:0px;border-top-right-radius:0px;border-bottom-right-radius:0px;border-bottom-left-radius:0px;}.kadence-column700_c05cfd-f6 > .kt-inside-inner-col{column-gap:var(--global-kb-gap-sm, 1rem);}.kadence-column700_c05cfd-f6 > .kt-inside-inner-col{flex-direction:column;}.kadence-column700_c05cfd-f6 > .kt-inside-inner-col > .aligncenter{width:100%;}.kadence-column700_c05cfd-f6 > .kt-inside-inner-col:before{opacity:0.3;}.kadence-column700_c05cfd-f6{position:relative;}@media all and (max-width: 1024px){.kadence-column700_c05cfd-f6 > .kt-inside-inner-col{flex-direction:column;justify-content:center;}}@media all and (max-width: 767px){.kadence-column700_c05cfd-f6 > .kt-inside-inner-col{flex-direction:column;justify-content:center;}}<\/style>\n<div class=\"wp-block-kadence-column kadence-column700_c05cfd-f6\"><div class=\"kt-inside-inner-col\"><style>.wp-block-kadence-advanced-form89-cpt-id .kb-advanced-form input[type=text],.wp-block-kadence-advanced-form89-cpt-id .kb-advanced-form input[type=tel],.wp-block-kadence-advanced-form89-cpt-id .kb-advanced-form input[type=number],.wp-block-kadence-advanced-form89-cpt-id .kb-advanced-form input[type=date],.wp-block-kadence-advanced-form89-cpt-id .kb-advanced-form input[type=time],.wp-block-kadence-advanced-form89-cpt-id .kb-advanced-form input[type=email],.wp-block-kadence-advanced-form89-cpt-id .kb-advanced-form input[type=file],.wp-block-kadence-advanced-form89-cpt-id .kb-advanced-form select,.wp-block-kadence-advanced-form89-cpt-id .kb-advanced-form textarea{color:var(--theme-palette-color-8, #fdfbf5);border-top:0px solid #B9B9C5;border-right:0px solid #B9B9C5;border-bottom:2px solid var(--theme-palette-color-7, #fbf1d1);border-left:0px solid #B9B9C5;border-top-left-radius:0px;border-top-right-radius:0px;border-bottom-right-radius:0px;border-bottom-left-radius:0px;box-shadow:0px 0px 0px 0px rgba(0, 0, 0, 0);}.wp-block-kadence-advanced-form89-cpt-id{--kb-form-text-color:var(--theme-palette-color-8, #fdfbf5);--kb-form-background-color:rgba(253,251,245,0);--kb-form-border-width:0px;--kb-form-border-color:#B9B9C5;}.wp-block-kadence-advanced-form89-cpt-id{--kb-form-placeholder-color:var(--theme-palette-color-7, #fbf1d1);}.wp-block-kadence-advanced-form89-cpt-id input[type=text]:focus,.wp-block-kadence-advanced-form89-cpt-id input[type=email]:focus,.wp-block-kadence-advanced-form89-cpt-id input[type=tel]:focus,.wp-block-kadence-advanced-form89-cpt-id input[type=date]:focus,.wp-block-kadence-advanced-form89-cpt-id input[type=number]:focus,.wp-block-kadence-advanced-form89-cpt-id input[type=time]:focus,.wp-block-kadence-advanced-form89-cpt-id input[type=file]:focus,.wp-block-kadence-advanced-form89-cpt-id select:focus,.wp-block-kadence-advanced-form89-cpt-id textarea:focus{border-color:var(--theme-palette-color-2, #d7f082);box-shadow:0px 0px 0px 0px rgba(0, 0, 0, 0);}.wp-block-kadence-advanced-form89-cpt-id .kb-adv-form-field .kb-adv-form-label{color:var(--theme-palette-color-8, #fdfbf5);}.wp-block-kadence-advanced-form89-cpt-id .kb-adv-form-success{color:var(--theme-palette-color-4, #2b423a);background:var(--theme-palette-color-2, #d7f082);}.wp-block-kadence-advanced-form89-cpt-id .kb-adv-form-warning{color:var(--theme-palette-color-8, #fdfbf5);background:#c00000;}@media all and (max-width: 1024px){.wp-block-kadence-advanced-form89-cpt-id .kb-advanced-form input[type=text],.wp-block-kadence-advanced-form89-cpt-id .kb-advanced-form input[type=tel],.wp-block-kadence-advanced-form89-cpt-id .kb-advanced-form input[type=number],.wp-block-kadence-advanced-form89-cpt-id .kb-advanced-form input[type=date],.wp-block-kadence-advanced-form89-cpt-id .kb-advanced-form input[type=time],.wp-block-kadence-advanced-form89-cpt-id .kb-advanced-form input[type=email],.wp-block-kadence-advanced-form89-cpt-id .kb-advanced-form input[type=file],.wp-block-kadence-advanced-form89-cpt-id .kb-advanced-form select,.wp-block-kadence-advanced-form89-cpt-id .kb-advanced-form textarea{border-top:0px solid #B9B9C5;border-right:0px solid #B9B9C5;border-bottom:2px solid var(--theme-palette-color-7, #fbf1d1);border-left:0px solid #B9B9C5;}}@media all and (max-width: 767px){.wp-block-kadence-advanced-form89-cpt-id .kb-advanced-form input[type=text],.wp-block-kadence-advanced-form89-cpt-id .kb-advanced-form input[type=tel],.wp-block-kadence-advanced-form89-cpt-id .kb-advanced-form input[type=number],.wp-block-kadence-advanced-form89-cpt-id .kb-advanced-form input[type=date],.wp-block-kadence-advanced-form89-cpt-id .kb-advanced-form input[type=time],.wp-block-kadence-advanced-form89-cpt-id .kb-advanced-form input[type=email],.wp-block-kadence-advanced-form89-cpt-id .kb-advanced-form input[type=file],.wp-block-kadence-advanced-form89-cpt-id .kb-advanced-form select,.wp-block-kadence-advanced-form89-cpt-id .kb-advanced-form textarea{border-top:0px solid #B9B9C5;border-right:0px solid #B9B9C5;border-bottom:2px solid var(--theme-palette-color-7, #fbf1d1);border-left:0px solid #B9B9C5;}}<\/style><div class=\"wp-block-kadence-advanced-form wp-block-kadence-advanced-form89-cpt-id kb-adv-form-label-style-float kb-adv-form-input-size-standard kb-form-basic-style wp-block-kadence-advanced-form\"><form id=\"kb-adv-form-89-cpt-id\" class=\"kb-advanced-form\" method=\"post\" data-kb-events=\"yes\">\n<style>.kb-row-layout-id14_33d382-e7 > .kt-row-column-wrap{align-content:start;}:where(.kb-row-layout-id14_33d382-e7 > .kt-row-column-wrap) > .wp-block-kadence-column{justify-content:start;}.kb-row-layout-id14_33d382-e7 > .kt-row-column-wrap{column-gap:var(--global-kb-gap-md, 2rem);row-gap:var(--global-kb-gap-md, 2rem);padding-top:0px;padding-right:0px;padding-bottom:0px;padding-left:0px;grid-template-columns:repeat(2, minmax(0, 1fr));}.kb-row-layout-id14_33d382-e7 > .kt-row-layout-overlay{opacity:0.30;}@media all and (max-width: 1024px){.kb-row-layout-id14_33d382-e7 > .kt-row-column-wrap{grid-template-columns:repeat(2, minmax(0, 1fr));}}@media all and (max-width: 767px){.kb-row-layout-id14_33d382-e7 > .kt-row-column-wrap{grid-template-columns:minmax(0, 1fr);}}<\/style><div class=\"kb-row-layout-wrap kb-row-layout-id14_33d382-e7 alignnone wp-block-kadence-rowlayout\"><div class=\"kt-row-column-wrap kt-has-2-columns kt-row-layout-equal kt-tab-layout-inherit kt-mobile-layout-row kt-row-valign-top\">\n<style>.kadence-column14_67bdf1-ce > .kt-inside-inner-col,.kadence-column14_67bdf1-ce > .kt-inside-inner-col:before{border-top-left-radius:0px;border-top-right-radius:0px;border-bottom-right-radius:0px;border-bottom-left-radius:0px;}.kadence-column14_67bdf1-ce > .kt-inside-inner-col{column-gap:var(--global-kb-gap-sm, 1rem);}.kadence-column14_67bdf1-ce > .kt-inside-inner-col{flex-direction:column;}.kadence-column14_67bdf1-ce > .kt-inside-inner-col > .aligncenter{width:100%;}.kadence-column14_67bdf1-ce > .kt-inside-inner-col:before{opacity:0.3;}.kadence-column14_67bdf1-ce{position:relative;}@media all and (max-width: 1024px){.kadence-column14_67bdf1-ce > .kt-inside-inner-col{flex-direction:column;justify-content:center;}}@media all and (max-width: 767px){.kadence-column14_67bdf1-ce > .kt-inside-inner-col{flex-direction:column;justify-content:center;}}<\/style>\n<div class=\"wp-block-kadence-column kadence-column14_67bdf1-ce\"><div class=\"kt-inside-inner-col\"><div class=\"kb-adv-form-field kb-adv-form-text-type-input kb-adv-form-infield-type-input kb-field89bdc600-89 wp-block-kadence-advanced-form-text\"><label class=\"kb-adv-form-label\" for=\"field89bdc600-89\">Name<\/label><input name=\"fieldbdc600-89\" id=\"field89bdc600-89\" data-label=\"Name\" type=\"text\" placeholder=\"\" value=\"\" data-type=\"text\" class=\"kb-field kb-text-field\" data-required=\"no\" \/><\/div><\/div><\/div>\n\n\n<style>.kadence-column14_f7e39a-69 > .kt-inside-inner-col,.kadence-column14_f7e39a-69 > .kt-inside-inner-col:before{border-top-left-radius:0px;border-top-right-radius:0px;border-bottom-right-radius:0px;border-bottom-left-radius:0px;}.kadence-column14_f7e39a-69 > .kt-inside-inner-col{column-gap:var(--global-kb-gap-sm, 1rem);}.kadence-column14_f7e39a-69 > .kt-inside-inner-col{flex-direction:column;}.kadence-column14_f7e39a-69 > .kt-inside-inner-col > .aligncenter{width:100%;}.kadence-column14_f7e39a-69 > .kt-inside-inner-col:before{opacity:0.3;}.kadence-column14_f7e39a-69{position:relative;}@media all and (max-width: 1024px){.kadence-column14_f7e39a-69 > .kt-inside-inner-col{flex-direction:column;justify-content:center;}}@media all and (max-width: 767px){.kadence-column14_f7e39a-69 > .kt-inside-inner-col{flex-direction:column;justify-content:center;}}<\/style>\n<div class=\"wp-block-kadence-column kadence-column14_f7e39a-69\"><div class=\"kt-inside-inner-col\"><div class=\"kb-adv-form-field kb-adv-form-text-type-input kb-adv-form-infield-type-input kb-field89792717-bd wp-block-kadence-advanced-form-email\"><label class=\"kb-adv-form-label\" for=\"field89792717-bd\">Email<span class=\"kb-adv-form-required\">*<\/span><\/label><input name=\"field792717-bd\" id=\"field89792717-bd\" data-label=\"Email\" type=\"email\" placeholder=\"\" value=\"\" data-type=\"email\" class=\"kb-field kb-email-field\" data-required=\"yes\" required aria-required=\"true\"\/><\/div><\/div><\/div>\n\n<\/div><\/div>\n\n<div class=\"kb-adv-form-field kb-adv-form-text-type-input kb-adv-form-infield-type-input kb-field89df1dfb-87 wp-block-kadence-advanced-form-textarea\"><label class=\"kb-adv-form-label\" for=\"field89df1dfb-87\">Message<span class=\"kb-adv-form-required\">*<\/span><\/label><textarea name=\"fielddf1dfb-87\" id=\"field89df1dfb-87\" rows=\"3\"  data-label=\"Message\" placeholder=\"\" data-type=\"textarea\" class=\"kb-field kb-textarea-field\" data-required=\"yes\" required aria-required=\"true\"><\/textarea><\/div>\n\n<style>ul.menu .kb-submit-field .kb-btn8e95cc-9a.kb-button{width:initial;}.kb-submit-field .kb-btn8e95cc-9a.kb-button{color:var(--theme-palette-color-4, #2b423a);background:var(--theme-palette-color-7, #fbf1d1);}.kb-submit-field .kb-btn8e95cc-9a.kb-button:hover, .kb-submit-field .kb-btn8e95cc-9a.kb-button:focus{color:var(--theme-palette-color-4, #2b423a);background:var(--theme-palette-color-2, #d7f082);}.kb-submit-field.kb-field8e95cc-9a{justify-content:flex-start;}<\/style><div class=\"kb-adv-form-field kb-submit-field kb-field8e95cc-9a wp-block-kadence-advanced-form-submit\"><button class=\"kb-button kt-button button kb-adv-form-submit-button kb-btn8e95cc-9a kt-btn-size-standard kt-btn-width-type-auto kb-btn-global-inherit kt-btn-has-text-true kt-btn-has-svg-true wp-block-button__link\" type=\"submit\"><span class=\"kb-svg-icon-wrap kb-svg-icon-fe_mail kt-btn-icon-side-left\"><svg viewBox=\"0 0 24 24\"  fill=\"none\" stroke=\"currentColor\" stroke-width=\"2\" stroke-linecap=\"round\" stroke-linejoin=\"round\" xmlns=\"http:\/\/www.w3.org\/2000\/svg\"  aria-hidden=\"true\"><path d=\"M4 4h16c1.1 0 2 .9 2 2v12c0 1.1-.9 2-2 2H4c-1.1 0-2-.9-2-2V6c0-1.1.9-2 2-2z\"\/><polyline points=\"22,6 12,13 2,6\"\/><\/svg><\/span><span class=\"kt-btn-inner-text\">Send<\/span><\/button><\/div>\n<input type=\"hidden\" name=\"_kb_adv_form_post_id\" value=\"89\"><input type=\"hidden\" name=\"action\" value=\"kb_process_advanced_form_submit\"><input type=\"hidden\" name=\"_kb_adv_form_id\" value=\"89-cpt-id\"><\/form><\/div><\/div><\/div>\n\n<\/div><\/div>","protected":false},"excerpt":{"rendered":"<p>Contact Us Reach us by filling out this brief form if you are interested in learning more. You can also follow us on Instagram and engage in adult learning opportunities with our partner&nbsp;Suna Barichara.<\/p>","protected":false},"author":1,"featured_media":0,"parent":0,"menu_order":0,"comment_status":"closed","ping_status":"closed","template":"","meta":{"_acf_changed":false,"_kad_blocks_custom_css":"","_kad_blocks_head_custom_js":"","_kad_blocks_body_custom_js":"","_kad_blocks_footer_custom_js":"","slim_seo":{"title":"Cont\u00e1ctanos | Sue\u00f1os del Bosque","description":"Contacta a Sue\u00f1os del Bosque en Barichara para conocer la escuela, los programas comunitarios, la educaci\u00f3n regenerativa y las formas de participar o apoyar."},"footnotes":""},"class_list":["post-700","page","type-page","status-publish","hentry"],"blocksy_meta":{"background":{"background_type":"color","background_pattern":"type-1","background_image":{"attachment_id":null,"x":0,"y":0},"gradient":"linear-gradient(135deg,rgba(6,147,227,1) 0%,rgb(155,81,224) 100%)","background_repeat":"repeat","background_size":"auto","background_attachment":"scroll","patternColor":{"default":{"color":"#e5e7ea"}},"overlayColor":{"default":{"color":"CT_CSS_SKIP_RULE"}},"backgroundColor":{"default":{"color":"var(--theme-palette-color-1)"}}},"styles_descriptor":{"styles":{"desktop":"[data-prefix=\"single_page\"] {background-color:var(--theme-palette-color-1);background-image:none;}","tablet":"","mobile":""},"google_fonts":[],"version":6}},"acf":[],"taxonomy_info":[],"featured_image_src_large":false,"author_info":{"display_name":"embodic","author_link":"#"},"comment_info":0,"_links":{"self":[{"href":"https:\/\/suenosdelbosquebarichara.org\/es\/wp-json\/wp\/v2\/pages\/700","targetHints":{"allow":["GET"]}}],"collection":[{"href":"https:\/\/suenosdelbosquebarichara.org\/es\/wp-json\/wp\/v2\/pages"}],"about":[{"href":"https:\/\/suenosdelbosquebarichara.org\/es\/wp-json\/wp\/v2\/types\/page"}],"author":[{"embeddable":true,"href":"https:\/\/suenosdelbosquebarichara.org\/es\/wp-json\/wp\/v2\/users\/1"}],"replies":[{"embeddable":true,"href":"https:\/\/suenosdelbosquebarichara.org\/es\/wp-json\/wp\/v2\/comments?post=700"}],"version-history":[{"count":0,"href":"https:\/\/suenosdelbosquebarichara.org\/es\/wp-json\/wp\/v2\/pages\/700\/revisions"}],"wp:attachment":[{"href":"https:\/\/suenosdelbosquebarichara.org\/es\/wp-json\/wp\/v2\/media?parent=700"}],"curies":[{"name":"wp","href":"https:\/\/api.w.org\/{rel}","templated":true}]}}